{"id":896,"date":"2022-09-28T11:29:16","date_gmt":"2022-09-28T11:29:16","guid":{"rendered":"https:\/\/rankingwrozek.pl\/?page_id=896"},"modified":"2023-04-12T09:28:15","modified_gmt":"2023-04-12T09:28:15","slug":"program","status":"publish","type":"page","link":"https:\/\/rankingwrozek.pl\/?page_id=896","title":{"rendered":"Program"},"content":{"rendered":"\t\t<div data-elementor-type=\"wp-page\" data-elementor-id=\"896\" class=\"elementor elementor-896\" data-elementor-post-type=\"page\">\n\t\t\t\t\t\t<section class=\"elementor-section elementor-top-section elementor-element elementor-element-489ed7a elementor-section-height-min-height elementor-section-items-bottom elementor-section-boxed elementor-section-height-default\" data-id=\"489ed7a\" data-element_type=\"section\" data-settings=\"{&quot;background_background&quot;:&quot;classic&quot;}\">\n\t\t\t\t\t\t\t<div class=\"elementor-background-overlay\"><\/div>\n\t\t\t\t\t\t\t<div class=\"elementor-container elementor-column-gap-no\">\n\t\t\t\t\t<div class=\"elementor-column elementor-col-100 elementor-top-column elementor-element elementor-element-307ef6c\" data-id=\"307ef6c\" data-element_type=\"column\">\n\t\t\t<div class=\"elementor-widget-wrap elementor-element-populated\">\n\t\t\t\t\t\t<div class=\"elementor-element elementor-element-903819d elementor-widget elementor-widget-heading\" data-id=\"903819d\" data-element_type=\"widget\" data-widget_type=\"heading.default\">\n\t\t\t\t<div class=\"elementor-widget-container\">\n\t\t\t\t\t<h3 class=\"elementor-heading-title elementor-size-default\">Check out the<\/h3>\t\t\t\t<\/div>\n\t\t\t\t<\/div>\n\t\t\t\t<div class=\"elementor-element elementor-element-3271ad2 elementor-widget elementor-widget-heading\" data-id=\"3271ad2\" data-element_type=\"widget\" data-widget_type=\"heading.default\">\n\t\t\t\t<div class=\"elementor-widget-container\">\n\t\t\t\t\t<h1 class=\"elementor-heading-title elementor-size-default\">Program<\/h1>\t\t\t\t<\/div>\n\t\t\t\t<\/div>\n\t\t\t\t<div class=\"elementor-element elementor-element-50f071e elementor-widget elementor-widget-image\" data-id=\"50f071e\" data-element_type=\"widget\" data-widget_type=\"image.default\">\n\t\t\t\t<div class=\"elementor-widget-container\">\n\t\t\t\t\t\t\t\t\t\t\t\t\t\t\t<img fetchpriority=\"high\" decoding=\"async\" width=\"1300\" height=\"646\" src=\"https:\/\/rankingwrozek.pl\/wp-content\/uploads\/2022\/09\/hero_01.png\" class=\"attachment-full size-full wp-image-32\" alt=\"\" srcset=\"https:\/\/rankingwrozek.pl\/wp-content\/uploads\/2022\/09\/hero_01.png 1300w, https:\/\/rankingwrozek.pl\/wp-content\/uploads\/2022\/09\/hero_01-300x149.png 300w, https:\/\/rankingwrozek.pl\/wp-content\/uploads\/2022\/09\/hero_01-1024x509.png 1024w, https:\/\/rankingwrozek.pl\/wp-content\/uploads\/2022\/09\/hero_01-768x382.png 768w\" sizes=\"(max-width: 1300px) 100vw, 1300px\" \/>\t\t\t\t\t\t\t\t\t\t\t\t\t\t\t<\/div>\n\t\t\t\t<\/div>\n\t\t\t\t\t<\/div>\n\t\t<\/div>\n\t\t\t\t\t<\/div>\n\t\t<\/section>\n\t\t\t\t<section data-uael-partstyle=\"halloween\" data-uael-partcolor=\"\" data-uael-partopacity=\"0.2\" data-uael-partdirection=\"bottom\" data-uael-partnum=\"5\" data-uael-partsize=\"50\" data-uael-partspeed=\"1\" data-uael-interactive=\"yes\" class=\"elementor-section elementor-top-section elementor-element elementor-element-755df6b uael-particle-yes uael-particle-adv-yes elementor-section-boxed elementor-section-height-default elementor-section-height-default\" data-id=\"755df6b\" data-element_type=\"section\" data-settings=\"{&quot;background_background&quot;:&quot;gradient&quot;}\">\n\t\t\t\t\t\t<div class=\"elementor-container elementor-column-gap-no\">\n\t\t\t\t\t<div class=\"elementor-column elementor-col-100 elementor-top-column elementor-element elementor-element-3619238\" data-id=\"3619238\" data-element_type=\"column\">\n\t\t\t<div class=\"elementor-widget-wrap elementor-element-populated\">\n\t\t\t\t\t\t<section class=\"elementor-section elementor-inner-section elementor-element elementor-element-1560815 elementor-section-boxed elementor-section-height-default elementor-section-height-default\" data-id=\"1560815\" data-element_type=\"section\">\n\t\t\t\t\t\t<div class=\"elementor-container elementor-column-gap-no\">\n\t\t\t\t\t<div class=\"elementor-column elementor-col-50 elementor-inner-column elementor-element elementor-element-0d9f457\" data-id=\"0d9f457\" data-element_type=\"column\">\n\t\t\t<div class=\"elementor-widget-wrap elementor-element-populated\">\n\t\t\t\t\t\t<div class=\"elementor-element elementor-element-6a1d9c1 elementor-position-right elementor-vertical-align-top elementor-widget elementor-widget-image-box\" data-id=\"6a1d9c1\" data-element_type=\"widget\" data-widget_type=\"image-box.default\">\n\t\t\t\t<div class=\"elementor-widget-container\">\n\t\t\t\t\t<div class=\"elementor-image-box-wrapper\"><figure class=\"elementor-image-box-img\"><img decoding=\"async\" width=\"200\" height=\"200\" src=\"https:\/\/rankingwrozek.pl\/wp-content\/uploads\/2022\/09\/icon-01.png\" class=\"attachment-full size-full wp-image-33\" alt=\"\" srcset=\"https:\/\/rankingwrozek.pl\/wp-content\/uploads\/2022\/09\/icon-01.png 200w, https:\/\/rankingwrozek.pl\/wp-content\/uploads\/2022\/09\/icon-01-150x150.png 150w\" sizes=\"(max-width: 200px) 100vw, 200px\" \/><\/figure><div class=\"elementor-image-box-content\"><h4 class=\"elementor-image-box-title\">Flair<br>Cocktails<\/h4><p class=\"elementor-image-box-description\">Lorem ipsum dolor sit amet, consectetur adipiscing elit. Pellentesque fermentum urna vitae aliquet laoreet. In hac habitasse platea dictumst. Fusce semper arcu sed velit dapibus, sit amet ultricies nulla ullamcorper. Donec vestibulum convallis feugiat. Donec non dui turpis. Suspendisse a sem ac diam venenatis luctus id vel lacus. Mauris quis massa commodo, consectetur orci at, vulputate sapien.<\/p><\/div><\/div>\t\t\t\t<\/div>\n\t\t\t\t<\/div>\n\t\t\t\t<div class=\"elementor-element elementor-element-2404019 elementor-widget-divider--view-line elementor-widget elementor-widget-divider\" data-id=\"2404019\" data-element_type=\"widget\" data-widget_type=\"divider.default\">\n\t\t\t\t<div class=\"elementor-widget-container\">\n\t\t\t\t\t\t\t<div class=\"elementor-divider\">\n\t\t\t<span class=\"elementor-divider-separator\">\n\t\t\t\t\t\t<\/span>\n\t\t<\/div>\n\t\t\t\t\t\t<\/div>\n\t\t\t\t<\/div>\n\t\t\t\t\t<\/div>\n\t\t<\/div>\n\t\t\t\t<div class=\"elementor-column elementor-col-50 elementor-inner-column elementor-element elementor-element-3f8c2d1\" data-id=\"3f8c2d1\" data-element_type=\"column\">\n\t\t\t<div class=\"elementor-widget-wrap elementor-element-populated\">\n\t\t\t\t\t\t<div class=\"elementor-element elementor-element-1660592 elementor-position-left elementor-vertical-align-top elementor-widget elementor-widget-image-box\" data-id=\"1660592\" data-element_type=\"widget\" data-widget_type=\"image-box.default\">\n\t\t\t\t<div class=\"elementor-widget-container\">\n\t\t\t\t\t<div class=\"elementor-image-box-wrapper\"><figure class=\"elementor-image-box-img\"><img decoding=\"async\" width=\"200\" height=\"200\" src=\"https:\/\/rankingwrozek.pl\/wp-content\/uploads\/2022\/09\/icon-03.png\" class=\"attachment-full size-full wp-image-35\" alt=\"\" srcset=\"https:\/\/rankingwrozek.pl\/wp-content\/uploads\/2022\/09\/icon-03.png 200w, https:\/\/rankingwrozek.pl\/wp-content\/uploads\/2022\/09\/icon-03-150x150.png 150w\" sizes=\"(max-width: 200px) 100vw, 200px\" \/><\/figure><div class=\"elementor-image-box-content\"><h4 class=\"elementor-image-box-title\">Haloween<br>Treats<\/h4><p class=\"elementor-image-box-description\">Lorem ipsum dolor sit amet, consectetur adipiscing elit. Pellentesque fermentum urna vitae aliquet laoreet. In hac habitasse platea dictumst. Fusce semper arcu sed velit dapibus, sit amet ultricies nulla ullamcorper. Donec vestibulum convallis feugiat. Donec non dui turpis. Suspendisse a sem ac diam venenatis luctus id vel lacus. Mauris quis massa commodo, consectetur orci at, vulputate sapien.\u200b<\/p><\/div><\/div>\t\t\t\t<\/div>\n\t\t\t\t<\/div>\n\t\t\t\t<div class=\"elementor-element elementor-element-fe37ca9 elementor-widget-divider--view-line elementor-widget elementor-widget-divider\" data-id=\"fe37ca9\" data-element_type=\"widget\" data-widget_type=\"divider.default\">\n\t\t\t\t<div class=\"elementor-widget-container\">\n\t\t\t\t\t\t\t<div class=\"elementor-divider\">\n\t\t\t<span class=\"elementor-divider-separator\">\n\t\t\t\t\t\t<\/span>\n\t\t<\/div>\n\t\t\t\t\t\t<\/div>\n\t\t\t\t<\/div>\n\t\t\t\t\t<\/div>\n\t\t<\/div>\n\t\t\t\t\t<\/div>\n\t\t<\/section>\n\t\t\t\t<section class=\"elementor-section elementor-inner-section elementor-element elementor-element-c1af08c elementor-section-boxed elementor-section-height-default elementor-section-height-default\" data-id=\"c1af08c\" data-element_type=\"section\">\n\t\t\t\t\t\t<div class=\"elementor-container elementor-column-gap-no\">\n\t\t\t\t\t<div class=\"elementor-column elementor-col-50 elementor-inner-column elementor-element elementor-element-a191895\" data-id=\"a191895\" data-element_type=\"column\">\n\t\t\t<div class=\"elementor-widget-wrap elementor-element-populated\">\n\t\t\t\t\t\t<div class=\"elementor-element elementor-element-7ff8bc3 elementor-position-right elementor-vertical-align-top elementor-widget elementor-widget-image-box\" data-id=\"7ff8bc3\" data-element_type=\"widget\" data-widget_type=\"image-box.default\">\n\t\t\t\t<div class=\"elementor-widget-container\">\n\t\t\t\t\t<div class=\"elementor-image-box-wrapper\"><figure class=\"elementor-image-box-img\"><img loading=\"lazy\" decoding=\"async\" width=\"200\" height=\"200\" src=\"https:\/\/rankingwrozek.pl\/wp-content\/uploads\/2022\/09\/icon-02.png\" class=\"attachment-full size-full wp-image-34\" alt=\"\" srcset=\"https:\/\/rankingwrozek.pl\/wp-content\/uploads\/2022\/09\/icon-02.png 200w, https:\/\/rankingwrozek.pl\/wp-content\/uploads\/2022\/09\/icon-02-150x150.png 150w\" sizes=\"(max-width: 200px) 100vw, 200px\" \/><\/figure><div class=\"elementor-image-box-content\"><h4 class=\"elementor-image-box-title\">Ghost<br>Dance<\/h4><p class=\"elementor-image-box-description\">Lorem ipsum dolor sit amet, consectetur adipiscing elit. Pellentesque fermentum urna vitae aliquet laoreet. In hac habitasse platea dictumst. Fusce semper arcu sed velit dapibus, sit amet ultricies nulla ullamcorper. Donec vestibulum convallis feugiat. Donec non dui turpis. Suspendisse a sem ac diam venenatis luctus id vel lacus. Mauris quis massa commodo, consectetur orci at, vulputate sapien.<\/p><\/div><\/div>\t\t\t\t<\/div>\n\t\t\t\t<\/div>\n\t\t\t\t<div class=\"elementor-element elementor-element-877718b elementor-widget-divider--view-line elementor-widget elementor-widget-divider\" data-id=\"877718b\" data-element_type=\"widget\" data-widget_type=\"divider.default\">\n\t\t\t\t<div class=\"elementor-widget-container\">\n\t\t\t\t\t\t\t<div class=\"elementor-divider\">\n\t\t\t<span class=\"elementor-divider-separator\">\n\t\t\t\t\t\t<\/span>\n\t\t<\/div>\n\t\t\t\t\t\t<\/div>\n\t\t\t\t<\/div>\n\t\t\t\t\t<\/div>\n\t\t<\/div>\n\t\t\t\t<div class=\"elementor-column elementor-col-50 elementor-inner-column elementor-element elementor-element-c24fce7\" data-id=\"c24fce7\" data-element_type=\"column\">\n\t\t\t<div class=\"elementor-widget-wrap elementor-element-populated\">\n\t\t\t\t\t\t<div class=\"elementor-element elementor-element-cf71c31 elementor-position-left elementor-vertical-align-top elementor-widget elementor-widget-image-box\" data-id=\"cf71c31\" data-element_type=\"widget\" data-widget_type=\"image-box.default\">\n\t\t\t\t<div class=\"elementor-widget-container\">\n\t\t\t\t\t<div class=\"elementor-image-box-wrapper\"><figure class=\"elementor-image-box-img\"><img loading=\"lazy\" decoding=\"async\" width=\"200\" height=\"200\" src=\"https:\/\/rankingwrozek.pl\/wp-content\/uploads\/2022\/09\/icon-04.png\" class=\"attachment-full size-full wp-image-36\" alt=\"\" srcset=\"https:\/\/rankingwrozek.pl\/wp-content\/uploads\/2022\/09\/icon-04.png 200w, https:\/\/rankingwrozek.pl\/wp-content\/uploads\/2022\/09\/icon-04-150x150.png 150w\" sizes=\"(max-width: 200px) 100vw, 200px\" \/><\/figure><div class=\"elementor-image-box-content\"><h4 class=\"elementor-image-box-title\">Scary<br>Activities<\/h4><p class=\"elementor-image-box-description\">Lorem ipsum dolor sit amet, consectetur adipiscing elit. Pellentesque fermentum urna vitae aliquet laoreet. In hac habitasse platea dictumst. Fusce semper arcu sed velit dapibus, sit amet ultricies nulla ullamcorper. Donec vestibulum convallis feugiat. Donec non dui turpis. Suspendisse a sem ac diam venenatis luctus id vel lacus. Mauris quis massa commodo, consectetur orci at, vulputate sapien.\u200b<\/p><\/div><\/div>\t\t\t\t<\/div>\n\t\t\t\t<\/div>\n\t\t\t\t<div class=\"elementor-element elementor-element-930b613 elementor-widget-divider--view-line elementor-widget elementor-widget-divider\" data-id=\"930b613\" data-element_type=\"widget\" data-widget_type=\"divider.default\">\n\t\t\t\t<div class=\"elementor-widget-container\">\n\t\t\t\t\t\t\t<div class=\"elementor-divider\">\n\t\t\t<span class=\"elementor-divider-separator\">\n\t\t\t\t\t\t<\/span>\n\t\t<\/div>\n\t\t\t\t\t\t<\/div>\n\t\t\t\t<\/div>\n\t\t\t\t\t<\/div>\n\t\t<\/div>\n\t\t\t\t\t<\/div>\n\t\t<\/section>\n\t\t\t\t\t<\/div>\n\t\t<\/div>\n\t\t\t\t\t<\/div>\n\t\t<\/section>\n\t\t\t\t<section class=\"elementor-section elementor-top-section elementor-element elementor-element-665d21a elementor-section-boxed elementor-section-height-default elementor-section-height-default\" data-id=\"665d21a\" data-element_type=\"section\">\n\t\t\t\t\t\t<div class=\"elementor-container elementor-column-gap-no\">\n\t\t\t\t\t<div class=\"elementor-column elementor-col-100 elementor-top-column elementor-element elementor-element-e8e4db0\" data-id=\"e8e4db0\" data-element_type=\"column\">\n\t\t\t<div class=\"elementor-widget-wrap elementor-element-populated\">\n\t\t\t\t\t\t<div class=\"elementor-element elementor-element-a2a4905 elementor-widget elementor-widget-heading\" data-id=\"a2a4905\" data-element_type=\"widget\" data-widget_type=\"heading.default\">\n\t\t\t\t<div class=\"elementor-widget-container\">\n\t\t\t\t\t<h3 class=\"elementor-heading-title elementor-size-default\">Newsletter<\/h3>\t\t\t\t<\/div>\n\t\t\t\t<\/div>\n\t\t\t\t<div class=\"elementor-element elementor-element-d85d1d2 elementor-widget elementor-widget-heading\" data-id=\"d85d1d2\" data-element_type=\"widget\" data-widget_type=\"heading.default\">\n\t\t\t\t<div class=\"elementor-widget-container\">\n\t\t\t\t\t<h2 class=\"elementor-heading-title elementor-size-default\">Subscribe<\/h2>\t\t\t\t<\/div>\n\t\t\t\t<\/div>\n\t\t\t\t<section class=\"elementor-section elementor-inner-section elementor-element elementor-element-1d9c40c elementor-section-boxed elementor-section-height-default elementor-section-height-default\" data-id=\"1d9c40c\" data-element_type=\"section\">\n\t\t\t\t\t\t<div class=\"elementor-container elementor-column-gap-no\">\n\t\t\t\t\t<div class=\"elementor-column elementor-col-100 elementor-inner-column elementor-element elementor-element-294d37d\" data-id=\"294d37d\" data-element_type=\"column\" data-settings=\"{&quot;background_background&quot;:&quot;classic&quot;}\">\n\t\t\t<div class=\"elementor-widget-wrap elementor-element-populated\">\n\t\t\t\t\t\t<div class=\"elementor-element elementor-element-4311eee elementor-widget elementor-widget-wpforms\" data-id=\"4311eee\" data-element_type=\"widget\" data-widget_type=\"wpforms.default\">\n\t\t\t\t<div class=\"elementor-widget-container\">\n\t\t\t\t\t<div class=\"wpforms-container inline-fields\" id=\"wpforms-21\"><form id=\"wpforms-form-21\" class=\"wpforms-validate wpforms-form wpforms-ajax-form\" data-formid=\"21\" method=\"post\" enctype=\"multipart\/form-data\" action=\"\/index.php?rest_route=%2Fwp%2Fv2%2Fpages%2F896\" data-token=\"119416508080fdfcf6c07bd163b532a4\" data-token-time=\"1775402727\"><noscript class=\"wpforms-error-noscript\">Aby wype\u0142ni\u0107 ten formularz, w\u0142\u0105cz obs\u0142ug\u0119 JavaScript w przegl\u0105darce.<\/noscript><div class=\"wpforms-field-container\"><div id=\"wpforms-21-field_2-container\" class=\"wpforms-field wpforms-field-email\" data-field-id=\"2\"><label class=\"wpforms-field-label wpforms-label-hide\" for=\"wpforms-21-field_2\">Email <span class=\"wpforms-required-label\">*<\/span><\/label><input type=\"email\" id=\"wpforms-21-field_2\" class=\"wpforms-field-medium wpforms-field-required\" name=\"wpforms[fields][2]\" placeholder=\"Please enter your email address...\" spellcheck=\"false\" required><\/div><\/div><!-- .wpforms-field-container --><div class=\"wpforms-submit-container\" ><input type=\"hidden\" name=\"wpforms[id]\" value=\"21\"><input type=\"hidden\" name=\"page_title\" value=\"\"><input type=\"hidden\" name=\"page_url\" value=\"https:\/\/rankingwrozek.pl\/index.php?rest_route=%2Fwp%2Fv2%2Fpages%2F896\"><button type=\"submit\" name=\"wpforms[submit]\" id=\"wpforms-submit-21\" class=\"wpforms-submit\" data-alt-text=\"Sending...\" data-submit-text=\"Subscribe\" aria-live=\"assertive\" value=\"wpforms-submit\">Subscribe<\/button><img loading=\"lazy\" decoding=\"async\" src=\"https:\/\/rankingwrozek.pl\/wp-content\/plugins\/wpforms-lite\/assets\/images\/submit-spin.svg\" class=\"wpforms-submit-spinner\" style=\"display: none;\" width=\"26\" height=\"26\" alt=\"Wczytywanie\"><\/div><\/form><\/div>  <!-- .wpforms-container -->\t\t\t\t<\/div>\n\t\t\t\t<\/div>\n\t\t\t\t\t<\/div>\n\t\t<\/div>\n\t\t\t\t\t<\/div>\n\t\t<\/section>\n\t\t\t\t\t<\/div>\n\t\t<\/div>\n\t\t\t\t\t<\/div>\n\t\t<\/section>\n\t\t\t\t<\/div>\n\t\t","protected":false},"excerpt":{"rendered":"","protected":false},"author":1,"featured_media":0,"parent":0,"menu_order":0,"comment_status":"closed","ping_status":"closed","template":"","meta":{"site-sidebar-layout":"no-sidebar","site-content-layout":"page-builder","ast-site-content-layout":"","site-content-style":"default","site-sidebar-style":"default","ast-global-header-display":"","ast-banner-title-visibility":"","ast-main-header-display":"","ast-hfb-above-header-display":"","ast-hfb-below-header-display":"","ast-hfb-mobile-header-display":"","site-post-title":"disabled","ast-breadcrumbs-content":"","ast-featured-img":"disabled","footer-sml-layout":"","theme-transparent-header-meta":"enabled","adv-header-id-meta":"","stick-header-meta":"","header-above-stick-meta":"","header-main-stick-meta":"","header-below-stick-meta":"","astra-migrate-meta-layouts":"default","ast-page-background-enabled":"default","ast-page-background-meta":{"desktop":{"background-color":"var(--ast-global-color-4)","background-image":"","background-repeat":"repeat","background-position":"center center","background-size":"auto","background-attachment":"scroll","background-type":"","background-media":"","overlay-type":"","overlay-color":"","overlay-opacity":"","overlay-gradient":""},"tablet":{"background-color":"","background-image":"","background-repeat":"repeat","background-position":"center center","background-size":"auto","background-attachment":"scroll","background-type":"","background-media":"","overlay-type":"","overlay-color":"","overlay-opacity":"","overlay-gradient":""},"mobile":{"background-color":"","background-image":"","background-repeat":"repeat","background-position":"center center","background-size":"auto","background-attachment":"scroll","background-type":"","background-media":"","overlay-type":"","overlay-color":"","overlay-opacity":"","overlay-gradient":""}},"ast-content-background-meta":{"desktop":{"background-color":"var(--ast-global-color-5)","background-image":"","background-repeat":"repeat","background-position":"center center","background-size":"auto","background-attachment":"scroll","background-type":"","background-media":"","overlay-type":"","overlay-color":"","overlay-opacity":"","overlay-gradient":""},"tablet":{"background-color":"var(--ast-global-color-5)","background-image":"","background-repeat":"repeat","background-position":"center center","background-size":"auto","background-attachment":"scroll","background-type":"","background-media":"","overlay-type":"","overlay-color":"","overlay-opacity":"","overlay-gradient":""},"mobile":{"background-color":"var(--ast-global-color-5)","background-image":"","background-repeat":"repeat","background-position":"center center","background-size":"auto","background-attachment":"scroll","background-type":"","background-media":"","overlay-type":"","overlay-color":"","overlay-opacity":"","overlay-gradient":""}},"footnotes":""},"class_list":["post-896","page","type-page","status-publish","hentry"],"yoast_head":"<!-- This site is optimized with the Yoast SEO Premium plugin v20.1 (Yoast SEO v24.1) - https:\/\/yoast.com\/wordpress\/plugins\/seo\/ -->\n<title>Program - Ranking Wr&oacute;\u017cek<\/title>\n<meta name=\"robots\" content=\"index, follow, max-snippet:-1, max-image-preview:large, max-video-preview:-1\" \/>\n<link rel=\"canonical\" href=\"https:\/\/rankingwrozek.pl\/?page_id=896\" \/>\n<meta property=\"og:locale\" content=\"pl_PL\" \/>\n<meta property=\"og:type\" content=\"article\" \/>\n<meta property=\"og:title\" content=\"Program\" \/>\n<meta property=\"og:url\" content=\"https:\/\/rankingwrozek.pl\/?page_id=896\" \/>\n<meta property=\"og:site_name\" content=\"Ranking Wr&oacute;\u017cek\" \/>\n<meta property=\"article:modified_time\" content=\"2023-04-12T09:28:15+00:00\" \/>\n<meta name=\"twitter:card\" content=\"summary_large_image\" \/>\n<meta name=\"twitter:label1\" content=\"Szacowany czas czytania\" \/>\n\t<meta name=\"twitter:data1\" content=\"3 minuty\" \/>\n<script type=\"application\/ld+json\" class=\"yoast-schema-graph\">{\"@context\":\"https:\/\/schema.org\",\"@graph\":[{\"@type\":\"WebPage\",\"@id\":\"https:\/\/rankingwrozek.pl\/?page_id=896\",\"url\":\"https:\/\/rankingwrozek.pl\/?page_id=896\",\"name\":\"Program - Ranking Wr&oacute;\u017cek\",\"isPartOf\":{\"@id\":\"https:\/\/rankingwrozek.pl\/#website\"},\"datePublished\":\"2022-09-28T11:29:16+00:00\",\"dateModified\":\"2023-04-12T09:28:15+00:00\",\"breadcrumb\":{\"@id\":\"https:\/\/rankingwrozek.pl\/?page_id=896#breadcrumb\"},\"inLanguage\":\"pl-PL\",\"potentialAction\":[{\"@type\":\"ReadAction\",\"target\":[\"https:\/\/rankingwrozek.pl\/?page_id=896\"]}]},{\"@type\":\"BreadcrumbList\",\"@id\":\"https:\/\/rankingwrozek.pl\/?page_id=896#breadcrumb\",\"itemListElement\":[{\"@type\":\"ListItem\",\"position\":1,\"name\":\"Strona g\u0142\u00f3wna\",\"item\":\"https:\/\/rankingwrozek.pl\/\"},{\"@type\":\"ListItem\",\"position\":2,\"name\":\"Program\"}]},{\"@type\":\"WebSite\",\"@id\":\"https:\/\/rankingwrozek.pl\/#website\",\"url\":\"https:\/\/rankingwrozek.pl\/\",\"name\":\"Ranking Wr\u00f3\u017cek\",\"description\":\"Opinie o wr&oacute;\u017ckach, magach i rytua\u0142ach\",\"publisher\":{\"@id\":\"https:\/\/rankingwrozek.pl\/#organization\"},\"potentialAction\":[{\"@type\":\"SearchAction\",\"target\":{\"@type\":\"EntryPoint\",\"urlTemplate\":\"https:\/\/rankingwrozek.pl\/?s={search_term_string}\"},\"query-input\":{\"@type\":\"PropertyValueSpecification\",\"valueRequired\":true,\"valueName\":\"search_term_string\"}}],\"inLanguage\":\"pl-PL\"},{\"@type\":\"Organization\",\"@id\":\"https:\/\/rankingwrozek.pl\/#organization\",\"name\":\"Ranking Wr\u00f3\u017cek\",\"url\":\"https:\/\/rankingwrozek.pl\/\",\"logo\":{\"@type\":\"ImageObject\",\"inLanguage\":\"pl-PL\",\"@id\":\"https:\/\/rankingwrozek.pl\/#\/schema\/logo\/image\/\",\"url\":\"https:\/\/rankingwrozek.pl\/wp-content\/uploads\/2023\/04\/\u2014Pngtree\u2014magic-array_4253596.png\",\"contentUrl\":\"https:\/\/rankingwrozek.pl\/wp-content\/uploads\/2023\/04\/\u2014Pngtree\u2014magic-array_4253596.png\",\"width\":964,\"height\":982,\"caption\":\"Ranking Wr\u00f3\u017cek\"},\"image\":{\"@id\":\"https:\/\/rankingwrozek.pl\/#\/schema\/logo\/image\/\"}}]}<\/script>\n<!-- \/ Yoast SEO Premium plugin. -->","yoast_head_json":{"title":"Program - Ranking Wr&oacute;\u017cek","robots":{"index":"index","follow":"follow","max-snippet":"max-snippet:-1","max-image-preview":"max-image-preview:large","max-video-preview":"max-video-preview:-1"},"canonical":"https:\/\/rankingwrozek.pl\/?page_id=896","og_locale":"pl_PL","og_type":"article","og_title":"Program","og_url":"https:\/\/rankingwrozek.pl\/?page_id=896","og_site_name":"Ranking Wr&oacute;\u017cek","article_modified_time":"2023-04-12T09:28:15+00:00","twitter_card":"summary_large_image","twitter_misc":{"Szacowany czas czytania":"3 minuty"},"schema":{"@context":"https:\/\/schema.org","@graph":[{"@type":"WebPage","@id":"https:\/\/rankingwrozek.pl\/?page_id=896","url":"https:\/\/rankingwrozek.pl\/?page_id=896","name":"Program - Ranking Wr&oacute;\u017cek","isPartOf":{"@id":"https:\/\/rankingwrozek.pl\/#website"},"datePublished":"2022-09-28T11:29:16+00:00","dateModified":"2023-04-12T09:28:15+00:00","breadcrumb":{"@id":"https:\/\/rankingwrozek.pl\/?page_id=896#breadcrumb"},"inLanguage":"pl-PL","potentialAction":[{"@type":"ReadAction","target":["https:\/\/rankingwrozek.pl\/?page_id=896"]}]},{"@type":"BreadcrumbList","@id":"https:\/\/rankingwrozek.pl\/?page_id=896#breadcrumb","itemListElement":[{"@type":"ListItem","position":1,"name":"Strona g\u0142\u00f3wna","item":"https:\/\/rankingwrozek.pl\/"},{"@type":"ListItem","position":2,"name":"Program"}]},{"@type":"WebSite","@id":"https:\/\/rankingwrozek.pl\/#website","url":"https:\/\/rankingwrozek.pl\/","name":"Ranking Wr\u00f3\u017cek","description":"Opinie o wr&oacute;\u017ckach, magach i rytua\u0142ach","publisher":{"@id":"https:\/\/rankingwrozek.pl\/#organization"},"potentialAction":[{"@type":"SearchAction","target":{"@type":"EntryPoint","urlTemplate":"https:\/\/rankingwrozek.pl\/?s={search_term_string}"},"query-input":{"@type":"PropertyValueSpecification","valueRequired":true,"valueName":"search_term_string"}}],"inLanguage":"pl-PL"},{"@type":"Organization","@id":"https:\/\/rankingwrozek.pl\/#organization","name":"Ranking Wr\u00f3\u017cek","url":"https:\/\/rankingwrozek.pl\/","logo":{"@type":"ImageObject","inLanguage":"pl-PL","@id":"https:\/\/rankingwrozek.pl\/#\/schema\/logo\/image\/","url":"https:\/\/rankingwrozek.pl\/wp-content\/uploads\/2023\/04\/\u2014Pngtree\u2014magic-array_4253596.png","contentUrl":"https:\/\/rankingwrozek.pl\/wp-content\/uploads\/2023\/04\/\u2014Pngtree\u2014magic-array_4253596.png","width":964,"height":982,"caption":"Ranking Wr\u00f3\u017cek"},"image":{"@id":"https:\/\/rankingwrozek.pl\/#\/schema\/logo\/image\/"}}]}},"_links":{"self":[{"href":"https:\/\/rankingwrozek.pl\/index.php?rest_route=\/wp\/v2\/pages\/896","targetHints":{"allow":["GET"]}}],"collection":[{"href":"https:\/\/rankingwrozek.pl\/index.php?rest_route=\/wp\/v2\/pages"}],"about":[{"href":"https:\/\/rankingwrozek.pl\/index.php?rest_route=\/wp\/v2\/types\/page"}],"author":[{"embeddable":true,"href":"https:\/\/rankingwrozek.pl\/index.php?rest_route=\/wp\/v2\/users\/1"}],"replies":[{"embeddable":true,"href":"https:\/\/rankingwrozek.pl\/index.php?rest_route=%2Fwp%2Fv2%2Fcomments&post=896"}],"version-history":[{"count":1,"href":"https:\/\/rankingwrozek.pl\/index.php?rest_route=\/wp\/v2\/pages\/896\/revisions"}],"predecessor-version":[{"id":906,"href":"https:\/\/rankingwrozek.pl\/index.php?rest_route=\/wp\/v2\/pages\/896\/revisions\/906"}],"wp:attachment":[{"href":"https:\/\/rankingwrozek.pl\/index.php?rest_route=%2Fwp%2Fv2%2Fmedia&parent=896"}],"curies":[{"name":"wp","href":"https:\/\/api.w.org\/{rel}","templated":true}]}}